{"id":729,"date":"2024-02-08T10:46:48","date_gmt":"2024-02-08T10:46:48","guid":{"rendered":"https:\/\/www.opgpierini.hr\/kopanjica-engleski\/"},"modified":"2024-02-09T09:54:30","modified_gmt":"2024-02-09T09:54:30","slug":"kopanjica-en","status":"publish","type":"page","link":"https:\/\/www.opgpierini.hr\/en\/kopanjica-en\/","title":{"rendered":"Kopanjica En"},"content":{"rendered":"<div id=\"cs-content\" class=\"cs-content\"><div class=\"x-section e729-e1 mk9-0\"><div class=\"x-div e729-e2 mk9-7 mk9-8 mk9-9 mk9-a\"><div class=\"x-text x-text-headline e729-e3 mk9-e mk9-1 mk9-2 mk9-3 x-effect-exit\" data-x-effect=\"{&quot;scroll&quot;:true,&quot;offsetTop&quot;:&quot;10%&quot;,&quot;offsetBottom&quot;:&quot;10%&quot;,&quot;behaviorScroll&quot;:&quot;fire-once&quot;}\"><div class=\"x-text-content\"><div class=\"x-text-content-text\"><h1 class=\"x-text-content-text-primary\">Kopanjica<\/h1><\/div><\/div><\/div><\/div><div class=\"x-div e729-e4 mk9-7 mk9-a mk9-b mk9-c\"><div class=\"x-grid e729-e5 mk9-f\"><div class=\"x-cell e729-e6 mk9-g mk9-h mk9-4\"><div class=\"x-div e729-e7 mk9-7 mk9-9 mk9-c mk9-d\"><span class=\"x-image e729-e8 mk9-j mk9-2 mk9-5 x-effect-exit\" data-x-effect=\"{&quot;scroll&quot;:true,&quot;offsetTop&quot;:&quot;10%&quot;,&quot;offsetBottom&quot;:&quot;10%&quot;,&quot;behaviorScroll&quot;:&quot;fire-once&quot;}\"><img decoding=\"async\" src=\"https:\/\/www.opgpierini.hr\/wp-content\/uploads\/2024\/02\/16.-KOPANJICA.jpg\" width=\"640\" height=\"480\" alt=\"Headshot\" loading=\"lazy\"><\/span><\/div><\/div><div class=\"x-cell e729-e9 mk9-h mk9-i mk9-2 mk9-3 mk9-6 x-effect-exit\" data-x-effect=\"{&quot;scroll&quot;:true,&quot;offsetTop&quot;:&quot;10%&quot;,&quot;offsetBottom&quot;:&quot;10%&quot;,&quot;behaviorScroll&quot;:&quot;fire-once&quot;}\"><div class=\"x-text x-content e729-e10 mk9-k\"><div id=\"mreza-koca\" class=\"x-row x-container max width e38-e7 m12-4 m12-6 m12-8 m12-9\">\n<div class=\"x-row-inner\">\n<div class=\"x-col e38-e10 m12-11\">\n<div class=\"x-text x-content e38-e13 m12-15 m12-18 m12-19\">\n<div id=\"kopanjica\" class=\"x-row x-container max width e38-e105 m12-4 m12-6 m12-8 m12-n\">\n<div class=\"x-row-inner\">\n<div class=\"x-col e38-e108 m12-11\">\n<div class=\"x-text x-content e38-e111 m12-15 m12-18 m12-19\"><strong>Zdjela koju su \u017eene u pro&scaron;losti koristile za umjes tijesta<\/strong> za kruh. U njima se nosilo tijesto pe\u0107i kod mje&scaron;tana koji su imali kru&scaron;ne pe\u0107i na drva. U na&scaron;oj ku\u0107i je postojala kru&scaron;na pe\u0107 u koju su ostali mje&scaron;tani dolazili pe\u0107i svoj kruh za cijeli tjedan (7 komada + 1 ''ujun'' koji je bio ''pe\u0107arina'' tj. naknada vlasniku pe\u0107i (bio je duplo manji od ostalih hljebova).<\/div>\n<\/div>\n<\/div>\n<\/div>\n<\/div>\n<\/div>\n<\/div>\n<\/div>\n<div id=\"mreza-popuna\" class=\"x-row x-container max width e38-e14 m12-4 m12-6 m12-8 m12-a\">\n<div class=\"x-row-inner\">\n<div class=\"x-col e38-e15 m12-11 m12-12 timeline-column\">&nbsp;<\/div>\n<\/div>\n<\/div><\/div><\/div><\/div><\/div><\/div><\/div>\n","protected":false},"excerpt":{"rendered":"<p>Kopanjica Zdjela koju su \u017eene u pro&scaron;losti koristile za umjes tijesta za kruh. U njima se nosilo tijesto pe\u0107i kod mje&scaron;tana koji su imali kru&scaron;ne pe\u0107i na drva. U na&scaron;oj ku\u0107i je postojala kru&scaron;na pe\u0107 u koju su ostali mje&scaron;tani dolazili pe\u0107i svoj kruh za cijeli tjedan (7 komada + 1 &#8221;ujun&#8221; koji je bio &#8221;pe\u0107arina&#8221; tj. naknada vlasniku pe\u0107i (bio je duplo manji od ostalih hljebova). &nbsp;<\/p>\n","protected":false},"author":1,"featured_media":0,"parent":0,"menu_order":0,"comment_status":"closed","ping_status":"closed","template":"template-blank-4.php","meta":{"footnotes":""},"class_list":["post-729","page","type-page","status-publish","hentry","no-post-thumbnail"],"_links":{"self":[{"href":"https:\/\/www.opgpierini.hr\/en\/wp-json\/wp\/v2\/pages\/729","targetHints":{"allow":["GET"]}}],"collection":[{"href":"https:\/\/www.opgpierini.hr\/en\/wp-json\/wp\/v2\/pages"}],"about":[{"href":"https:\/\/www.opgpierini.hr\/en\/wp-json\/wp\/v2\/types\/page"}],"author":[{"embeddable":true,"href":"https:\/\/www.opgpierini.hr\/en\/wp-json\/wp\/v2\/users\/1"}],"replies":[{"embeddable":true,"href":"https:\/\/www.opgpierini.hr\/en\/wp-json\/wp\/v2\/comments?post=729"}],"version-history":[{"count":3,"href":"https:\/\/www.opgpierini.hr\/en\/wp-json\/wp\/v2\/pages\/729\/revisions"}],"predecessor-version":[{"id":784,"href":"https:\/\/www.opgpierini.hr\/en\/wp-json\/wp\/v2\/pages\/729\/revisions\/784"}],"wp:attachment":[{"href":"https:\/\/www.opgpierini.hr\/en\/wp-json\/wp\/v2\/media?parent=729"}],"curies":[{"name":"wp","href":"https:\/\/api.w.org\/{rel}","templated":true}]}}